{"id":6649,"date":"2026-02-07T09:20:08","date_gmt":"2026-02-07T08:20:08","guid":{"rendered":"https:\/\/auctionclub.ch\/confidentialite-politique\/"},"modified":"2026-02-08T16:19:21","modified_gmt":"2026-02-08T15:19:21","slug":"confidentialite-politique","status":"publish","type":"page","link":"https:\/\/auctionclub.ch\/fr\/confidentialite-politique\/","title":{"rendered":"Confidentialit\u00e9 Politique"},"content":{"rendered":"\n<p><strong>Confidentialit\u00e9 Politique &amp; Mentions l\u00e9gales Clause de non-responsabilit\u00e9<\/strong> <strong>Date d&#8217;entr\u00e9e en vigueur :<\/strong> F\u00e9vrier 8, 2026<\/p>\n\n<p><strong>1. \u00c9TENDUE DU SERVICE ET CLAUSE DE NON-RESPONSABILIT\u00c9 (LIMITATION DE RESPONSABILIT\u00c9)<\/strong> <\/p>\n\n<p>Auction Club (<a href=\"https:\/\/auctionclub.ch\/fr\/\" target=\"_blank\" rel=\"noreferrer noopener\">https:\/\/auctionclub.ch\/<\/a>) fonctionne strictement comme une <strong>place de march\u00e9 en ligne neutre<\/strong>. <\/p>\n\n<p>Nous facilitons les ench\u00e8res entre des vendeurs tiers ind\u00e9pendants (fournisseurs) et des acheteurs.<\/p>\n\n<ul class=\"wp-block-list\">\n<li><strong>Exclusion de responsabilit\u00e9 :<\/strong> Auction Club n&#8217;est PAS partie prenante dans la transaction effective entre acheteurs et vendeurs. Nous d\u00e9clinons toute responsabilit\u00e9 juridique quant \u00e0 la qualit\u00e9, la s\u00e9curit\u00e9, la l\u00e9galit\u00e9 ou l&#8217;exactitude des articles r\u00e9pertori\u00e9s.<\/li>\n\n\n\n<li><strong>En l&#8217;\u00e9tat :<\/strong> Tous les services et informations sont fournis \u00ab en l&#8217;\u00e9tat \u00bb et \u00ab tels que disponibles \u00bb en. Les utilisateurs participent aux ench\u00e8res \u00e0 leurs propres risques.<\/li>\n<\/ul>\n\n<p><strong>2. RESPONSABLE DU TRAITEMENT DES DONN\u00c9ES<\/strong> Le responsable du traitement de vos informations personnelles est <strong>Auction<\/strong><strong>Club<\/strong>, dont le si\u00e8ge social est situ\u00e9 \u00e0 B\u00e2le, en Suisse.<\/p>\n\n<p><strong>3. DONN\u00c9ES QUE NOUS COLLECTONS ET POURQUOI<\/strong> Afin de pr\u00e9server l&#8217;int\u00e9grit\u00e9 de notre syst\u00e8me d&#8217;ench\u00e8res, nous collectons :<\/p>\n\n<ul class=\"wp-block-list\">\n<li><strong>Donn\u00e9es d&#8217;identification :<\/strong> Nom l\u00e9gal et \u00e2ge v\u00e9rification (afin d&#8217;emp\u00eacher la participation de mineurs).<\/li>\n\n\n\n<li><strong>Donn\u00e9es transactionnelles :<\/strong> adresses IP, historique des ench\u00e8res et horodatages afin de pr\u00e9venir les ench\u00e8res frauduleuses ou les activit\u00e9s frauduleuses.<\/li>\n\n\n\n<li><strong>Donn\u00e9es de communication :<\/strong> Registres de correspondance \u00e0 des fins de r\u00e9solution des litiges.<\/li>\n<\/ul>\n\n<p><strong>4. PROTOCOLES DE PARTAGE DE DONN\u00c9ES STRICTS Pour prot\u00e9ger la plateforme, le partage de donn\u00e9es est limit\u00e9 \u00e0 :<\/strong><\/p>\n\n<ul class=\"wp-block-list\">\n<li><strong>Ex\u00e9cution :<\/strong> Seules les donn\u00e9es d&#8217;exp\u00e9dition du gagnant sont communiqu\u00e9es au fournisseur concern\u00e9.<\/li>\n\n\n\n<li><strong>Obligation l\u00e9gale :<\/strong> Les donn\u00e9es peuvent \u00eatre divulgu\u00e9es aux autorit\u00e9s suisses si la loi l&#8217;exige ou afin d&#8217;emp\u00eacher toute utilisation abusive de la plateforme.<\/li>\n<\/ul>\n\n<p><strong>5. S\u00c9CURIT\u00c9 ET STOCKAGE<\/strong> Les donn\u00e9es sont stock\u00e9es sur des serveurs s\u00e9curis\u00e9s avec un cryptage de haut niveau (SSL). <\/p>\n\n<p>Bien que nous mettions en \u0153uvre des mesures de s\u00e9curit\u00e9 rigoureuses, Auction Club ne peut garantir une s\u00e9curit\u00e9 absolue contre toutes les cybermenaces.<\/p>\n\n<p><strong>6. COMP\u00c9TENCE<\/strong> En utilisant ce site, vous acceptez que tout litige li\u00e9 aux donn\u00e9es ou transactions est r\u00e9gie par <strong>la loi suisse <\/strong>, avec la comp\u00e9tence exclusive des tribunaux de B\u00e2le, Suisse.<\/p>\n\n<h3 class=\"wp-block-heading\"><strong> Contactez notre responsable de la protection des donn\u00e9es Officer<\/strong><\/h3>\n\n<p>Pour toute question concernant vos donn\u00e9es, veuillez nous contacter :<\/p>\n\n<ul class=\"wp-block-list\">\n<li><strong>Entit\u00e9 :<\/strong> Ench\u00e8res Club<\/li>\n\n\n\n<li><strong>Adresse :<\/strong> 4125, B\u00e2le, Suisse<\/li>\n\n\n\n<li><strong>E-mail :<\/strong> info.auctionclub@gmail.com<\/li>\n\n\n\n<li>T\u00e9l\u00e9phone : +41 79 511 42 00<\/li>\n<\/ul>\n","protected":false},"excerpt":{"rendered":"<p>Confidentialit\u00e9 Politique &amp; Mentions l\u00e9gales Clause de non-responsabilit\u00e9 Date d&#8217;entr\u00e9e en vigueur : F\u00e9vrier 8, 2026 1. \u00c9TENDUE DU SERVICE ET CLAUSE DE NON-RESPONSABILIT\u00c9 (LIMITATION DE RESPONSABILIT\u00c9) Auction Club (https:\/\/auctionclub.ch\/) fonctionne strictement comme une place de march\u00e9 en ligne neutre. Nous facilitons les ench\u00e8res entre des vendeurs tiers ind\u00e9pendants (fournisseurs) et des acheteurs. 2. RESPONSABLE [&hellip;]<\/p>\n","protected":false},"author":1,"featured_media":0,"parent":0,"menu_order":0,"comment_status":"closed","ping_status":"open","template":"","meta":{"footnotes":""},"class_list":["post-6649","page","type-page","status-publish","hentry"],"_hostinger_reach_plugin_has_subscription_block":false,"_hostinger_reach_plugin_is_elementor":false,"_links":{"self":[{"href":"https:\/\/auctionclub.ch\/fr\/wp-json\/wp\/v2\/pages\/6649","targetHints":{"allow":["GET"]}}],"collection":[{"href":"https:\/\/auctionclub.ch\/fr\/wp-json\/wp\/v2\/pages"}],"about":[{"href":"https:\/\/auctionclub.ch\/fr\/wp-json\/wp\/v2\/types\/page"}],"author":[{"embeddable":true,"href":"https:\/\/auctionclub.ch\/fr\/wp-json\/wp\/v2\/users\/1"}],"replies":[{"embeddable":true,"href":"https:\/\/auctionclub.ch\/fr\/wp-json\/wp\/v2\/comments?post=6649"}],"version-history":[{"count":1,"href":"https:\/\/auctionclub.ch\/fr\/wp-json\/wp\/v2\/pages\/6649\/revisions"}],"predecessor-version":[{"id":6650,"href":"https:\/\/auctionclub.ch\/fr\/wp-json\/wp\/v2\/pages\/6649\/revisions\/6650"}],"wp:attachment":[{"href":"https:\/\/auctionclub.ch\/fr\/wp-json\/wp\/v2\/media?parent=6649"}],"curies":[{"name":"wp","href":"https:\/\/api.w.org\/{rel}","templated":true}]}}